{"id":346,"date":"2019-10-10T11:45:14","date_gmt":"2019-10-10T11:45:14","guid":{"rendered":"https:\/\/inovep.pt\/plantas-aromaticas-medicinais\/?page_id=346"},"modified":"2020-02-26T17:10:31","modified_gmt":"2020-02-26T17:10:31","slug":"noticias","status":"publish","type":"page","link":"https:\/\/inovep.pt\/plantas-aromaticas-medicinais\/index.php\/noticias\/","title":{"rendered":"NOT\u00cdCIAS"},"content":{"rendered":"\t\t<div data-elementor-type=\"wp-page\" data-elementor-id=\"346\" class=\"elementor elementor-346\" data-elementor-settings=\"[]\">\n\t\t\t\t\t\t<div class=\"elementor-inner\">\n\t\t\t\t\t\t\t<div class=\"elementor-section-wrap\">\n\t\t\t\t\t\t\t<section class=\"elementor-section elementor-top-section elementor-element elementor-element-b169888 elementor-section-stretched elementor-section-boxed elementor-section-height-default elementor-section-height-default\" data-id=\"b169888\" data-element_type=\"section\" data-settings=\"{&quot;stretch_section&quot;:&quot;section-stretched&quot;,&quot;ekit_has_onepagescroll_dot&quot;:&quot;yes&quot;}\">\n\t\t\t\t\t\t<div class=\"elementor-container elementor-column-gap-default\">\n\t\t\t\t\t\t\t<div class=\"elementor-row\">\n\t\t\t\t\t<div class=\"elementor-column elementor-col-100 elementor-top-column elementor-element elementor-element-e6d22d9\" data-id=\"e6d22d9\" data-element_type=\"column\">\n\t\t\t<div class=\"elementor-column-wrap elementor-element-populated\">\n\t\t\t\t\t\t\t<div class=\"elementor-widget-wrap\">\n\t\t\t\t\t\t<div class=\"elementor-element elementor-element-85dcfa0 elementor-widget elementor-widget-widgetkit-for-elementor-blog-5\" data-id=\"85dcfa0\" data-element_type=\"widget\" data-widget_type=\"widgetkit-for-elementor-blog-5.default\">\n\t\t\t\t<div class=\"elementor-widget-container\">\n\t\t\t\n<div id=\" 85dcfa0\" class=\"tgx-blog-5\">\n    <div class=\"row\"> \n\n        \n\n     \n        <div class=\"col-md-12\">            \n            <article id=\"post-784\">\n                <div class=\"card-container\">\n                    <div class=\"card u-clearfix\">\n                                            <div class=\"image pull-left\n                                                        col-md-5                            \">\n                            \n                        <a href=\"https:\/\/inovep.pt\/plantas-aromaticas-medicinais\/index.php\/2022\/02\/17\/inovep_coloquio_pam\/\" ><img width=\"2472\" height=\"1244\" src=\"https:\/\/inovep.pt\/plantas-aromaticas-medicinais\/wp-content\/uploads\/2022\/02\/unnamed.jpg\" class=\"card-media wp-post-image\" alt=\"\" loading=\"lazy\" srcset=\"https:\/\/inovep.pt\/plantas-aromaticas-medicinais\/wp-content\/uploads\/2022\/02\/unnamed.jpg 2472w, https:\/\/inovep.pt\/plantas-aromaticas-medicinais\/wp-content\/uploads\/2022\/02\/unnamed-300x151.jpg 300w, https:\/\/inovep.pt\/plantas-aromaticas-medicinais\/wp-content\/uploads\/2022\/02\/unnamed-1024x515.jpg 1024w, https:\/\/inovep.pt\/plantas-aromaticas-medicinais\/wp-content\/uploads\/2022\/02\/unnamed-768x386.jpg 768w, https:\/\/inovep.pt\/plantas-aromaticas-medicinais\/wp-content\/uploads\/2022\/02\/unnamed-1536x773.jpg 1536w, https:\/\/inovep.pt\/plantas-aromaticas-medicinais\/wp-content\/uploads\/2022\/02\/unnamed-2048x1031.jpg 2048w\" sizes=\"(max-width: 2472px) 100vw, 2472px\" \/><\/a>\n                        <\/div><!-- image -->\n                    \n                        <div class=\"card-body\n                                                        col-md-7                            \">\n\n                            \n                                      \n                                <span class=\"card-author subtle author-details\">\n                                    <a href=\"https:\/\/inovep.pt\/plantas-aromaticas-medicinais\/index.php\/2022\/02\/17\/inovep_coloquio_pam\/\">admin<\/a>\n                                <\/span><!-- author-details -->\n                                                        \n                             <header class=\"entry-header\">\n                                <h4 class=\"entry-title cart-title\">\n                                    <a href=\"https:\/\/inovep.pt\/plantas-aromaticas-medicinais\/index.php\/2022\/02\/17\/inovep_coloquio_pam\/\">\n                                        INOVEP EM BALAN\u00c7O NO III COL\u00d3QUIO                                        \n                                    <\/a>\n                                <\/h4>       \n                            <\/header><!-- .entry-header -->\n\n                                                            <div class=\"entry-content\">\n                                    <p class=\"card-description content\">III Col\u00f3quio Nacional de Plantas Arom\u00e1ticas e Medicinais Castelo Branco, 24 a 26 de mar\u00e7o de 2022 As Plantas Arom\u00e1ticas<\/p>\n                                <\/div><!-- .entry-content -->\n                            \n                                                            <div class=\"card-read\">\n                                    <a href=\"https:\/\/inovep.pt\/plantas-aromaticas-medicinais\/index.php\/2022\/02\/17\/inovep_coloquio_pam\/\" class=\"button\">Read More     \n                                    <\/a>\n                                <\/div><!-- card-read-->\n                            \n                                                    <\/div><!-- card-body -->\n\n                                            <\/div><!-- card -->\n                <\/div><!-- cart-container -->\n            <\/article><!-- post -->\n        <\/div><!-- col-md- -->\n\n                \n\n     \n        <div class=\"col-md-12\">            \n            <article id=\"post-624\">\n                <div class=\"card-container\">\n                    <div class=\"card u-clearfix\">\n                                            <div class=\"image pull-left\n                                                        col-md-5                            \">\n                            \n                        <a href=\"https:\/\/inovep.pt\/plantas-aromaticas-medicinais\/index.php\/2019\/10\/12\/media-clipping-sapo-lifestyle\/\" ><img width=\"1319\" height=\"615\" src=\"https:\/\/inovep.pt\/plantas-aromaticas-medicinais\/wp-content\/uploads\/2019\/10\/inovep-no-sapo.png\" class=\"card-media wp-post-image\" alt=\"\" loading=\"lazy\" srcset=\"https:\/\/inovep.pt\/plantas-aromaticas-medicinais\/wp-content\/uploads\/2019\/10\/inovep-no-sapo.png 1319w, https:\/\/inovep.pt\/plantas-aromaticas-medicinais\/wp-content\/uploads\/2019\/10\/inovep-no-sapo-300x140.png 300w, https:\/\/inovep.pt\/plantas-aromaticas-medicinais\/wp-content\/uploads\/2019\/10\/inovep-no-sapo-768x358.png 768w, https:\/\/inovep.pt\/plantas-aromaticas-medicinais\/wp-content\/uploads\/2019\/10\/inovep-no-sapo-1024x477.png 1024w\" sizes=\"(max-width: 1319px) 100vw, 1319px\" \/><\/a>\n                        <\/div><!-- image -->\n                    \n                        <div class=\"card-body\n                                                        col-md-7                            \">\n\n                            \n                                      \n                                <span class=\"card-author subtle author-details\">\n                                    <a href=\"https:\/\/inovep.pt\/plantas-aromaticas-medicinais\/index.php\/2019\/10\/12\/media-clipping-sapo-lifestyle\/\">admin<\/a>\n                                <\/span><!-- author-details -->\n                                                        \n                             <header class=\"entry-header\">\n                                <h4 class=\"entry-title cart-title\">\n                                    <a href=\"https:\/\/inovep.pt\/plantas-aromaticas-medicinais\/index.php\/2019\/10\/12\/media-clipping-sapo-lifestyle\/\">\n                                        Media clipping [Sapo lifestyle]                                        \n                                    <\/a>\n                                <\/h4>       \n                            <\/header><!-- .entry-header -->\n\n                                                            <div class=\"entry-content\">\n                                    <p class=\"card-description content\">INVESTIGADORES DA COVILH\u00c3 DESCOBREM QUE ESTEVA \u00c9 &quot;EXCELENTE&quot; PARA COMBATER ACNE E ENVELHECIMENTO DA PELE \u00a0Uma investiga\u00e7\u00e3o cient\u00edfica desenvolvida na<\/p>\n                                <\/div><!-- .entry-content -->\n                            \n                                                            <div class=\"card-read\">\n                                    <a href=\"https:\/\/inovep.pt\/plantas-aromaticas-medicinais\/index.php\/2019\/10\/12\/media-clipping-sapo-lifestyle\/\" class=\"button\">Read More     \n                                    <\/a>\n                                <\/div><!-- card-read-->\n                            \n                                                    <\/div><!-- card-body -->\n\n                                            <\/div><!-- card -->\n                <\/div><!-- cart-container -->\n            <\/article><!-- post -->\n        <\/div><!-- col-md- -->\n\n                \n\n     \n        <div class=\"col-md-12\">            \n            <article id=\"post-341\">\n                <div class=\"card-container\">\n                    <div class=\"card u-clearfix\">\n                                            <div class=\"image pull-left\n                                                        col-md-5                            \">\n                            \n                        <a href=\"https:\/\/inovep.pt\/plantas-aromaticas-medicinais\/index.php\/2019\/10\/09\/inovep-em-barcelona\/\" ><img width=\"1200\" height=\"1200\" src=\"https:\/\/inovep.pt\/plantas-aromaticas-medicinais\/wp-content\/uploads\/2019\/10\/COS1936_IIP_twitter_600wx600h_ENG_Oliveira.jpg\" class=\"card-media wp-post-image\" alt=\"\" loading=\"lazy\" srcset=\"https:\/\/inovep.pt\/plantas-aromaticas-medicinais\/wp-content\/uploads\/2019\/10\/COS1936_IIP_twitter_600wx600h_ENG_Oliveira.jpg 1200w, https:\/\/inovep.pt\/plantas-aromaticas-medicinais\/wp-content\/uploads\/2019\/10\/COS1936_IIP_twitter_600wx600h_ENG_Oliveira-150x150.jpg 150w, https:\/\/inovep.pt\/plantas-aromaticas-medicinais\/wp-content\/uploads\/2019\/10\/COS1936_IIP_twitter_600wx600h_ENG_Oliveira-300x300.jpg 300w, https:\/\/inovep.pt\/plantas-aromaticas-medicinais\/wp-content\/uploads\/2019\/10\/COS1936_IIP_twitter_600wx600h_ENG_Oliveira-768x768.jpg 768w, https:\/\/inovep.pt\/plantas-aromaticas-medicinais\/wp-content\/uploads\/2019\/10\/COS1936_IIP_twitter_600wx600h_ENG_Oliveira-1024x1024.jpg 1024w\" sizes=\"(max-width: 1200px) 100vw, 1200px\" \/><\/a>\n                        <\/div><!-- image -->\n                    \n                        <div class=\"card-body\n                                                        col-md-7                            \">\n\n                            \n                                      \n                                <span class=\"card-author subtle author-details\">\n                                    <a href=\"https:\/\/inovep.pt\/plantas-aromaticas-medicinais\/index.php\/2019\/10\/09\/inovep-em-barcelona\/\">admin<\/a>\n                                <\/span><!-- author-details -->\n                                                        \n                             <header class=\"entry-header\">\n                                <h4 class=\"entry-title cart-title\">\n                                    <a href=\"https:\/\/inovep.pt\/plantas-aromaticas-medicinais\/index.php\/2019\/10\/09\/inovep-em-barcelona\/\">\n                                        INOVEP em Barcelona                                        \n                                    <\/a>\n                                <\/h4>       \n                            <\/header><!-- .entry-header -->\n\n                                                            <div class=\"entry-content\">\n                                    <p class=\"card-description content\">inovEP em Barcelona Nos pr\u00f3ximos dias 23 e 24 de outubro, o projeto inovEP vai ser tema de conversas em<\/p>\n                                <\/div><!-- .entry-content -->\n                            \n                                                            <div class=\"card-read\">\n                                    <a href=\"https:\/\/inovep.pt\/plantas-aromaticas-medicinais\/index.php\/2019\/10\/09\/inovep-em-barcelona\/\" class=\"button\">Read More     \n                                    <\/a>\n                                <\/div><!-- card-read-->\n                            \n                                                    <\/div><!-- card-body -->\n\n                                            <\/div><!-- card -->\n                <\/div><!-- cart-container -->\n            <\/article><!-- post -->\n        <\/div><!-- col-md- -->\n\n                \n\n     \n        <div class=\"col-md-12\">            \n            <article id=\"post-555\">\n                <div class=\"card-container\">\n                    <div class=\"card u-clearfix\">\n                                            <div class=\"image pull-left\n                                                        col-md-5                            \">\n                            \n                        <a href=\"https:\/\/inovep.pt\/plantas-aromaticas-medicinais\/index.php\/2019\/10\/08\/inovep-na-25a-conferencia-do-ifscc\/\" ><img width=\"499\" height=\"379\" src=\"https:\/\/inovep.pt\/plantas-aromaticas-medicinais\/wp-content\/uploads\/2019\/10\/2019-10-10-at-23-54-09.png\" class=\"card-media wp-post-image\" alt=\"\" loading=\"lazy\" srcset=\"https:\/\/inovep.pt\/plantas-aromaticas-medicinais\/wp-content\/uploads\/2019\/10\/2019-10-10-at-23-54-09.png 499w, https:\/\/inovep.pt\/plantas-aromaticas-medicinais\/wp-content\/uploads\/2019\/10\/2019-10-10-at-23-54-09-300x228.png 300w\" sizes=\"(max-width: 499px) 100vw, 499px\" \/><\/a>\n                        <\/div><!-- image -->\n                    \n                        <div class=\"card-body\n                                                        col-md-7                            \">\n\n                            \n                                      \n                                <span class=\"card-author subtle author-details\">\n                                    <a href=\"https:\/\/inovep.pt\/plantas-aromaticas-medicinais\/index.php\/2019\/10\/08\/inovep-na-25a-conferencia-do-ifscc\/\">admin<\/a>\n                                <\/span><!-- author-details -->\n                                                        \n                             <header class=\"entry-header\">\n                                <h4 class=\"entry-title cart-title\">\n                                    <a href=\"https:\/\/inovep.pt\/plantas-aromaticas-medicinais\/index.php\/2019\/10\/08\/inovep-na-25a-conferencia-do-ifscc\/\">\n                                        INOVEP na 25\u00aa confer\u00eancia do IFSCC                                        \n                                    <\/a>\n                                <\/h4>       \n                            <\/header><!-- .entry-header -->\n\n                                                            <div class=\"entry-content\">\n                                    <p class=\"card-description content\">INOVEP na 25\u00aa Confer\u00eancia do IFSCC De 31 de setembro a 2 de outubro de 2019 estivemos presentes na 25th<\/p>\n                                <\/div><!-- .entry-content -->\n                            \n                                                            <div class=\"card-read\">\n                                    <a href=\"https:\/\/inovep.pt\/plantas-aromaticas-medicinais\/index.php\/2019\/10\/08\/inovep-na-25a-conferencia-do-ifscc\/\" class=\"button\">Read More     \n                                    <\/a>\n                                <\/div><!-- card-read-->\n                            \n                                                    <\/div><!-- card-body -->\n\n                                            <\/div><!-- card -->\n                <\/div><!-- cart-container -->\n            <\/article><!-- post -->\n        <\/div><!-- col-md- -->\n\n                \n\n     \n        <div class=\"col-md-12\">            \n            <article id=\"post-378\">\n                <div class=\"card-container\">\n                    <div class=\"card u-clearfix\">\n                                            <div class=\"image pull-left\n                                                        col-md-5                            \">\n                            \n                        <a href=\"https:\/\/inovep.pt\/plantas-aromaticas-medicinais\/index.php\/2018\/10\/28\/aebb-noticia-inovep-2\/\" ><img width=\"662\" height=\"663\" src=\"https:\/\/inovep.pt\/plantas-aromaticas-medicinais\/wp-content\/uploads\/2019\/10\/aebb.png\" class=\"card-media wp-post-image\" alt=\"\" loading=\"lazy\" srcset=\"https:\/\/inovep.pt\/plantas-aromaticas-medicinais\/wp-content\/uploads\/2019\/10\/aebb.png 662w, https:\/\/inovep.pt\/plantas-aromaticas-medicinais\/wp-content\/uploads\/2019\/10\/aebb-150x150.png 150w, https:\/\/inovep.pt\/plantas-aromaticas-medicinais\/wp-content\/uploads\/2019\/10\/aebb-300x300.png 300w\" sizes=\"(max-width: 662px) 100vw, 662px\" \/><\/a>\n                        <\/div><!-- image -->\n                    \n                        <div class=\"card-body\n                                                        col-md-7                            \">\n\n                            \n                                      \n                                <span class=\"card-author subtle author-details\">\n                                    <a href=\"https:\/\/inovep.pt\/plantas-aromaticas-medicinais\/index.php\/2018\/10\/28\/aebb-noticia-inovep-2\/\">admin<\/a>\n                                <\/span><!-- author-details -->\n                                                        \n                             <header class=\"entry-header\">\n                                <h4 class=\"entry-title cart-title\">\n                                    <a href=\"https:\/\/inovep.pt\/plantas-aromaticas-medicinais\/index.php\/2018\/10\/28\/aebb-noticia-inovep-2\/\">\n                                        AEBB notic\u00eda inovEP                                        \n                                    <\/a>\n                                <\/h4>       \n                            <\/header><!-- .entry-header -->\n\n                                                            <div class=\"entry-content\">\n                                    <p class=\"card-description content\">APRESENTA\u00c7\u00c3O DE PROJETO INOVEP - INOVA\u00c7\u00c3O COM EXTRATOS DE PLANTAS - DIA 2 DE OUTUBRO \u00c0S 15H30 - UBIMEDICAL Veja<\/p>\n                                <\/div><!-- .entry-content -->\n                            \n                                                            <div class=\"card-read\">\n                                    <a href=\"https:\/\/inovep.pt\/plantas-aromaticas-medicinais\/index.php\/2018\/10\/28\/aebb-noticia-inovep-2\/\" class=\"button\">Read More     \n                                    <\/a>\n                                <\/div><!-- card-read-->\n                            \n                                                    <\/div><!-- card-body -->\n\n                                            <\/div><!-- card -->\n                <\/div><!-- cart-container -->\n            <\/article><!-- post -->\n        <\/div><!-- col-md- -->\n\n                \n\n     \n        <div class=\"col-md-12\">            \n            <article id=\"post-385\">\n                <div class=\"card-container\">\n                    <div class=\"card u-clearfix\">\n                                            <div class=\"image pull-left\n                                                        col-md-5                            \">\n                            \n                        <a href=\"https:\/\/inovep.pt\/plantas-aromaticas-medicinais\/index.php\/2018\/10\/25\/o-que-se-diz-nos-media-2\/\" ><img width=\"567\" height=\"567\" src=\"https:\/\/inovep.pt\/plantas-aromaticas-medicinais\/wp-content\/uploads\/2019\/10\/media.jpeg\" class=\"card-media wp-post-image\" alt=\"\" loading=\"lazy\" srcset=\"https:\/\/inovep.pt\/plantas-aromaticas-medicinais\/wp-content\/uploads\/2019\/10\/media.jpeg 567w, https:\/\/inovep.pt\/plantas-aromaticas-medicinais\/wp-content\/uploads\/2019\/10\/media-150x150.jpeg 150w, https:\/\/inovep.pt\/plantas-aromaticas-medicinais\/wp-content\/uploads\/2019\/10\/media-300x300.jpeg 300w\" sizes=\"(max-width: 567px) 100vw, 567px\" \/><\/a>\n                        <\/div><!-- image -->\n                    \n                        <div class=\"card-body\n                                                        col-md-7                            \">\n\n                            \n                                      \n                                <span class=\"card-author subtle author-details\">\n                                    <a href=\"https:\/\/inovep.pt\/plantas-aromaticas-medicinais\/index.php\/2018\/10\/25\/o-que-se-diz-nos-media-2\/\">admin<\/a>\n                                <\/span><!-- author-details -->\n                                                        \n                             <header class=\"entry-header\">\n                                <h4 class=\"entry-title cart-title\">\n                                    <a href=\"https:\/\/inovep.pt\/plantas-aromaticas-medicinais\/index.php\/2018\/10\/25\/o-que-se-diz-nos-media-2\/\">\n                                        O que se diz nos media                                        \n                                    <\/a>\n                                <\/h4>       \n                            <\/header><!-- .entry-header -->\n\n                                                            <div class=\"entry-content\">\n                                    <p class=\"card-description content\">O QUE SE DIZ NOS MEDIA O inovEP foi not\u00edcia no portal &quot;Agricultura e Mar Atual&quot;. Confira o artigo aqui.<\/p>\n                                <\/div><!-- .entry-content -->\n                            \n                                                            <div class=\"card-read\">\n                                    <a href=\"https:\/\/inovep.pt\/plantas-aromaticas-medicinais\/index.php\/2018\/10\/25\/o-que-se-diz-nos-media-2\/\" class=\"button\">Read More     \n                                    <\/a>\n                                <\/div><!-- card-read-->\n                            \n                                                    <\/div><!-- card-body -->\n\n                                            <\/div><!-- card -->\n                <\/div><!-- cart-container -->\n            <\/article><!-- post -->\n        <\/div><!-- col-md- -->\n\n                    <\/div>  <!-- row -->\n<\/div><!-- tgx-blog-5 -->\n\n    <script type=\"text\/javascript\">\n          jQuery(function($){\n              if(!$('body').hasClass('wk-blog-image')){\n                  $('body').addClass('wk-blog-image');\n              }\n          });\n\n    <\/script>\n\n\t\t<\/div>\n\t\t\t\t<\/div>\n\t\t\t\t\t\t<\/div>\n\t\t\t\t\t<\/div>\n\t\t<\/div>\n\t\t\t\t\t\t\t\t<\/div>\n\t\t\t\t\t<\/div>\n\t\t<\/section>\n\t\t\t\t\t\t<\/div>\n\t\t\t\t\t\t<\/div>\n\t\t\t\t\t<\/div>\n\t\t","protected":false},"excerpt":{"rendered":"<p>admin INOVEP em Barcelona inovEP em Barcelona Nos pr\u00f3ximos dias 23 e 24 de outubro, o projeto inovEP vai ser tema de conversas em Read More admin UBI noticia inovEP https:\/\/www.ubi.pt\/Evento\/8521 Read More admin PLANTAS AROM\u00c1TICAS DA BEIRA BAIXA NA PLANTAS AROM\u00c1TICAS DA BEIRA BAIXA NA BASE DE NOVOS PRODUTOS COSM\u00c9TICOS E FARMAC\u00caUTICOS Neste evento &hellip;<\/p>\n<p class=\"read-more\"> <a class=\"\" href=\"https:\/\/inovep.pt\/plantas-aromaticas-medicinais\/index.php\/2018\/10\/25\/o-que-se-diz-nos-media-2\/\"> <span class=\"screen-reader-text\">O que se diz nos media<\/span> Read More &raquo;<\/a><\/p>\n","protected":false},"author":1,"featured_media":0,"parent":0,"menu_order":11,"comment_status":"closed","ping_status":"closed","template":"elementor_canvas","meta":[],"_links":{"self":[{"href":"https:\/\/inovep.pt\/plantas-aromaticas-medicinais\/index.php\/wp-json\/wp\/v2\/pages\/346"}],"collection":[{"href":"https:\/\/inovep.pt\/plantas-aromaticas-medicinais\/index.php\/wp-json\/wp\/v2\/pages"}],"about":[{"href":"https:\/\/inovep.pt\/plantas-aromaticas-medicinais\/index.php\/wp-json\/wp\/v2\/types\/page"}],"author":[{"embeddable":true,"href":"https:\/\/inovep.pt\/plantas-aromaticas-medicinais\/index.php\/wp-json\/wp\/v2\/users\/1"}],"replies":[{"embeddable":true,"href":"https:\/\/inovep.pt\/plantas-aromaticas-medicinais\/index.php\/wp-json\/wp\/v2\/comments?post=346"}],"version-history":[{"count":11,"href":"https:\/\/inovep.pt\/plantas-aromaticas-medicinais\/index.php\/wp-json\/wp\/v2\/pages\/346\/revisions"}],"predecessor-version":[{"id":516,"href":"https:\/\/inovep.pt\/plantas-aromaticas-medicinais\/index.php\/wp-json\/wp\/v2\/pages\/346\/revisions\/516"}],"wp:attachment":[{"href":"https:\/\/inovep.pt\/plantas-aromaticas-medicinais\/index.php\/wp-json\/wp\/v2\/media?parent=346"}],"curies":[{"name":"wp","href":"https:\/\/api.w.org\/{rel}","templated":true}]}}