{"id":67,"date":"2019-10-03T11:17:21","date_gmt":"2019-10-03T11:17:21","guid":{"rendered":"https:\/\/inovep.pt\/plantas-aromaticas-medicinais\/?page_id=67"},"modified":"2019-10-10T22:23:49","modified_gmt":"2019-10-10T22:23:49","slug":"objetivos","status":"publish","type":"page","link":"https:\/\/inovep.pt\/plantas-aromaticas-medicinais\/index.php\/projeto\/objetivos\/","title":{"rendered":"OBJETIVOS"},"content":{"rendered":"\t\t<div data-elementor-type=\"wp-page\" data-elementor-id=\"67\" class=\"elementor elementor-67\" data-elementor-settings=\"[]\">\n\t\t\t\t\t\t<div class=\"elementor-inner\">\n\t\t\t\t\t\t\t<div class=\"elementor-section-wrap\">\n\t\t\t\t\t\t\t<section class=\"elementor-section elementor-top-section elementor-element elementor-element-b702d74 elementor-section-stretched elementor-section-full_width elementor-section-height-default elementor-section-height-default\" data-id=\"b702d74\" data-element_type=\"section\" data-settings=\"{&quot;stretch_section&quot;:&quot;section-stretched&quot;,&quot;background_background&quot;:&quot;classic&quot;,&quot;ekit_has_onepagescroll_dot&quot;:&quot;yes&quot;}\">\n\t\t\t\t\t\t<div class=\"elementor-container elementor-column-gap-default\">\n\t\t\t\t\t\t\t<div class=\"elementor-row\">\n\t\t\t\t\t<div class=\"elementor-column elementor-col-33 elementor-top-column elementor-element elementor-element-7fb1802 elementor-hidden-tablet elementor-hidden-phone\" data-id=\"7fb1802\" data-element_type=\"column\">\n\t\t\t<div class=\"elementor-column-wrap elementor-element-populated\">\n\t\t\t\t\t\t\t<div class=\"elementor-widget-wrap\">\n\t\t\t\t\t\t<div class=\"elementor-element elementor-element-bc3d0ce animated-slow elementor-invisible elementor-widget elementor-widget-image\" data-id=\"bc3d0ce\" data-element_type=\"widget\" data-settings=\"{&quot;_animation&quot;:&quot;fadeInUp&quot;}\" data-widget_type=\"image.default\">\n\t\t\t\t<div class=\"elementor-widget-container\">\n\t\t\t\t\t<div class=\"elementor-image\">\n\t\t\t\t\t\t\t\t\t\t<img width=\"371\" height=\"1000\" src=\"https:\/\/inovep.pt\/plantas-aromaticas-medicinais\/wp-content\/uploads\/2019\/10\/planta_01.png\" class=\"attachment-large size-large\" alt=\"\" loading=\"lazy\" srcset=\"https:\/\/inovep.pt\/plantas-aromaticas-medicinais\/wp-content\/uploads\/2019\/10\/planta_01.png 371w, https:\/\/inovep.pt\/plantas-aromaticas-medicinais\/wp-content\/uploads\/2019\/10\/planta_01-111x300.png 111w\" sizes=\"(max-width: 371px) 100vw, 371px\" \/>\t\t\t\t\t\t\t\t\t\t\t<\/div>\n\t\t\t\t<\/div>\n\t\t\t\t<\/div>\n\t\t\t\t\t\t<\/div>\n\t\t\t\t\t<\/div>\n\t\t<\/div>\n\t\t\t\t<div class=\"elementor-column elementor-col-66 elementor-top-column elementor-element elementor-element-431b6ec\" data-id=\"431b6ec\" data-element_type=\"column\">\n\t\t\t<div class=\"elementor-column-wrap elementor-element-populated\">\n\t\t\t\t\t\t\t<div class=\"elementor-widget-wrap\">\n\t\t\t\t\t\t<div class=\"elementor-element elementor-element-7b2c1d9 elementor-widget elementor-widget-heading\" data-id=\"7b2c1d9\" data-element_type=\"widget\" data-widget_type=\"heading.default\">\n\t\t\t\t<div class=\"elementor-widget-container\">\n\t\t\t<h2 class=\"elementor-heading-title elementor-size-default\">OBJETIVOS<\/h2>\t\t<\/div>\n\t\t\t\t<\/div>\n\t\t\t\t<div class=\"elementor-element elementor-element-a71d8fa animated-slow elementor-invisible elementor-widget elementor-widget-text-editor\" data-id=\"a71d8fa\" data-element_type=\"widget\" data-settings=\"{&quot;_animation&quot;:&quot;fadeInUp&quot;,&quot;_animation_delay&quot;:200}\" data-widget_type=\"text-editor.default\">\n\t\t\t\t<div class=\"elementor-widget-container\">\n\t\t\t\t\t<div class=\"elementor-text-editor elementor-clearfix\"><ul><li>Valorizar os recursos naturais produzidos na regi\u00e3o centro como integradores de produtos transacion\u00e1veis de valor acrescentado;<\/li><li>Consolidar o trabalho em rede envolvendo entidades empresariais e entidades do sistema I&amp;I em cons\u00f3rcio;<\/li><li>Aumentar o investimento empresarial em I&amp;I;<\/li><li>Aumentar as atividades econ\u00f3micas intensivas em conhecimentos e cria\u00e7\u00e3o de valor acrescentado baseadas na inova\u00e7\u00e3o;<\/li><li>Promover pr\u00e1ticas de arrastamento do tecido empresarial por via da valoriza\u00e7\u00e3o da atividade de I&amp;I;<\/li><li>Contribuir para a valoriza\u00e7\u00e3o da fileira das plantas arom\u00e1ticas e medicinais em Portugal, promovendo a sua competitividade e a sua internacionaliza\u00e7\u00e3o;<\/li><li>Contribuir para os objetivos gerais e espec\u00edficos do novo centro de compet\u00eancias em plantas arom\u00e1ticas, medicinais e condimentares (CC-PMC) recentemente criado pelo Minist\u00e9rio da Agricultura, Florestas e Desenvolvimento Rural do Governo Portugu\u00eas.<\/li><\/ul><\/div>\n\t\t\t\t<\/div>\n\t\t\t\t<\/div>\n\t\t\t\t<div class=\"elementor-element elementor-element-0667d16 animated-slow elementor-invisible elementor-widget elementor-widget-text-editor\" data-id=\"0667d16\" data-element_type=\"widget\" data-settings=\"{&quot;_animation&quot;:&quot;fadeInUp&quot;,&quot;_animation_delay&quot;:200}\" data-widget_type=\"text-editor.default\">\n\t\t\t\t<div class=\"elementor-widget-container\">\n\t\t\t\t\t<div class=\"elementor-text-editor elementor-clearfix\"><p>O projeto InovEP pretende caracterizar extratos de 10 plantas arom\u00e1ticas e medicinais no que diz respeito ao perfil qu\u00edmico, seguran\u00e7a e bioatividade dos seus extratos; e desenvolver, na empresa promotora do projeto, com recurso a dois desses extratos, um prot\u00f3tipo de produto inovador patente\u00e1vel com a\u00e7\u00e3o de cicatriza\u00e7\u00e3o de fissuras.<\/p><p>A sele\u00e7\u00e3o das esp\u00e9cies inclu\u00eddas no projeto foi realizada de acordo com a estrat\u00e9gia de inova\u00e7\u00e3o da empresa promotora ao longo do pr\u00f3ximo quinqu\u00e9nio, visto que os restantes extratos de plantas ser\u00e3o valorizados na Labfit por via do desenvolvimento de novos produtos inovadores \u00e0 base de plantas, ao longo desse per\u00edodo.<\/p><p>A experi\u00eancia da empresa promotora no desenvolvimento de produtos farmac\u00eauticos \u00e0 base de plantas e o seu conhecimento da realidade internacional neste \u00e2mbito apontam a evid\u00eancia clara da necessidade e ao mesmo tempo, oportunidade, de inovar no sector farmac\u00eautico por via do desenvolvimento de novos produtos de composi\u00e7\u00e3o natural e com efeito medicinal.<\/p><p>A caracteriza\u00e7\u00e3o da seguran\u00e7a dos extratos permitir\u00e1 criar na empresa promotora uma nova compet\u00eancia de ensaio laboratorial in vitro, que constitui a caracteriza\u00e7\u00e3o da eco-seguran\u00e7a destes extratos, processo de implementa\u00e7\u00e3o e valida\u00e7\u00e3o que dotar\u00e1 a empresa promotora de um novo servi\u00e7o especializado orientado para um mercado internacional e global.<\/p><p>O projeto InovEP alavancar\u00e1 a valoriza\u00e7\u00e3o econ\u00f3mica dos extratos estudados enquanto ingredientes ativos de produtos farmac\u00eauticos inovadores em mercados econ\u00f3micos internacionais, com exigentes crit\u00e9rios de qualidade, como \u00e9 o caso da ind\u00fastria farmac\u00eautica. <br \/>O produto inovador desenvolvido pela Labfit ainda no \u00e2mbito deste projeto e que constitui por esta via um objetivo do mesmo, ser\u00e1 protegido sob a forma de patente internacional (PCT) de modo a sustentar a sua valoriza\u00e7\u00e3o no processo de licenciamento internacional da sua propriedade industrial.<\/p><\/div>\n\t\t\t\t<\/div>\n\t\t\t\t<\/div>\n\t\t\t\t\t\t<\/div>\n\t\t\t\t\t<\/div>\n\t\t<\/div>\n\t\t\t\t\t\t\t\t<\/div>\n\t\t\t\t\t<\/div>\n\t\t<\/section>\n\t\t\t\t\t\t<\/div>\n\t\t\t\t\t\t<\/div>\n\t\t\t\t\t<\/div>\n\t\t","protected":false},"excerpt":{"rendered":"<p>OBJETIVOS Valorizar os recursos naturais produzidos na regi\u00e3o centro como integradores de produtos transacion\u00e1veis de valor acrescentado; Consolidar o trabalho em rede envolvendo entidades empresariais e entidades do sistema I&amp;I em cons\u00f3rcio; Aumentar o investimento empresarial em I&amp;I; Aumentar as atividades econ\u00f3micas intensivas em conhecimentos e cria\u00e7\u00e3o de valor acrescentado baseadas na inova\u00e7\u00e3o; Promover pr\u00e1ticas &hellip;<\/p>\n<p class=\"read-more\"> <a class=\"\" href=\"https:\/\/inovep.pt\/plantas-aromaticas-medicinais\/index.php\/projeto\/objetivos\/\"> <span class=\"screen-reader-text\">OBJETIVOS<\/span> Read More &raquo;<\/a><\/p>\n","protected":false},"author":1,"featured_media":0,"parent":55,"menu_order":4,"comment_status":"closed","ping_status":"closed","template":"elementor_canvas","meta":[],"_links":{"self":[{"href":"https:\/\/inovep.pt\/plantas-aromaticas-medicinais\/index.php\/wp-json\/wp\/v2\/pages\/67"}],"collection":[{"href":"https:\/\/inovep.pt\/plantas-aromaticas-medicinais\/index.php\/wp-json\/wp\/v2\/pages"}],"about":[{"href":"https:\/\/inovep.pt\/plantas-aromaticas-medicinais\/index.php\/wp-json\/wp\/v2\/types\/page"}],"author":[{"embeddable":true,"href":"https:\/\/inovep.pt\/plantas-aromaticas-medicinais\/index.php\/wp-json\/wp\/v2\/users\/1"}],"replies":[{"embeddable":true,"href":"https:\/\/inovep.pt\/plantas-aromaticas-medicinais\/index.php\/wp-json\/wp\/v2\/comments?post=67"}],"version-history":[{"count":11,"href":"https:\/\/inovep.pt\/plantas-aromaticas-medicinais\/index.php\/wp-json\/wp\/v2\/pages\/67\/revisions"}],"predecessor-version":[{"id":536,"href":"https:\/\/inovep.pt\/plantas-aromaticas-medicinais\/index.php\/wp-json\/wp\/v2\/pages\/67\/revisions\/536"}],"up":[{"embeddable":true,"href":"https:\/\/inovep.pt\/plantas-aromaticas-medicinais\/index.php\/wp-json\/wp\/v2\/pages\/55"}],"wp:attachment":[{"href":"https:\/\/inovep.pt\/plantas-aromaticas-medicinais\/index.php\/wp-json\/wp\/v2\/media?parent=67"}],"curies":[{"name":"wp","href":"https:\/\/api.w.org\/{rel}","templated":true}]}}