{"id":87,"date":"2019-10-03T11:40:11","date_gmt":"2019-10-03T11:40:11","guid":{"rendered":"https:\/\/inovep.pt\/plantas-aromaticas-medicinais\/?page_id=87"},"modified":"2019-10-10T22:20:27","modified_gmt":"2019-10-10T22:20:27","slug":"quem-somos","status":"publish","type":"page","link":"https:\/\/inovep.pt\/plantas-aromaticas-medicinais\/index.php\/quem-somos\/","title":{"rendered":"QUEM SOMOS"},"content":{"rendered":"\t\t<div data-elementor-type=\"wp-page\" data-elementor-id=\"87\" class=\"elementor elementor-87\" data-elementor-settings=\"[]\">\n\t\t\t\t\t\t<div class=\"elementor-inner\">\n\t\t\t\t\t\t\t<div class=\"elementor-section-wrap\">\n\t\t\t\t\t\t\t<section class=\"elementor-section elementor-top-section elementor-element elementor-element-b702d74 elementor-section-stretched elementor-section-full_width elementor-section-height-default elementor-section-height-default\" data-id=\"b702d74\" data-element_type=\"section\" data-settings=\"{&quot;stretch_section&quot;:&quot;section-stretched&quot;,&quot;background_background&quot;:&quot;classic&quot;,&quot;ekit_has_onepagescroll_dot&quot;:&quot;yes&quot;}\">\n\t\t\t\t\t\t<div class=\"elementor-container elementor-column-gap-default\">\n\t\t\t\t\t\t\t<div class=\"elementor-row\">\n\t\t\t\t\t<div class=\"elementor-column elementor-col-33 elementor-top-column elementor-element elementor-element-7fb1802 elementor-hidden-tablet elementor-hidden-phone\" data-id=\"7fb1802\" data-element_type=\"column\">\n\t\t\t<div class=\"elementor-column-wrap elementor-element-populated\">\n\t\t\t\t\t\t\t<div class=\"elementor-widget-wrap\">\n\t\t\t\t\t\t<div class=\"elementor-element elementor-element-13d8290 animated-slow elementor-invisible elementor-widget elementor-widget-image\" data-id=\"13d8290\" data-element_type=\"widget\" data-settings=\"{&quot;_animation&quot;:&quot;fadeInUp&quot;}\" data-widget_type=\"image.default\">\n\t\t\t\t<div class=\"elementor-widget-container\">\n\t\t\t\t\t<div class=\"elementor-image\">\n\t\t\t\t\t\t\t\t\t\t<img width=\"720\" height=\"1000\" src=\"https:\/\/inovep.pt\/plantas-aromaticas-medicinais\/wp-content\/uploads\/2019\/10\/caule.png\" class=\"attachment-large size-large\" alt=\"\" loading=\"lazy\" srcset=\"https:\/\/inovep.pt\/plantas-aromaticas-medicinais\/wp-content\/uploads\/2019\/10\/caule.png 720w, https:\/\/inovep.pt\/plantas-aromaticas-medicinais\/wp-content\/uploads\/2019\/10\/caule-216x300.png 216w\" sizes=\"(max-width: 720px) 100vw, 720px\" \/>\t\t\t\t\t\t\t\t\t\t\t<\/div>\n\t\t\t\t<\/div>\n\t\t\t\t<\/div>\n\t\t\t\t\t\t<\/div>\n\t\t\t\t\t<\/div>\n\t\t<\/div>\n\t\t\t\t<div class=\"elementor-column elementor-col-66 elementor-top-column elementor-element elementor-element-2bc1554\" data-id=\"2bc1554\" data-element_type=\"column\">\n\t\t\t<div class=\"elementor-column-wrap elementor-element-populated\">\n\t\t\t\t\t\t\t<div class=\"elementor-widget-wrap\">\n\t\t\t\t\t\t<div class=\"elementor-element elementor-element-7790a66 elementor-widget elementor-widget-heading\" data-id=\"7790a66\" data-element_type=\"widget\" data-widget_type=\"heading.default\">\n\t\t\t\t<div class=\"elementor-widget-container\">\n\t\t\t<h2 class=\"elementor-heading-title elementor-size-default\">QUEM SOMOS<\/h2>\t\t<\/div>\n\t\t\t\t<\/div>\n\t\t\t\t<div class=\"elementor-element elementor-element-0667d16 animated-slow elementor-invisible elementor-widget elementor-widget-text-editor\" data-id=\"0667d16\" data-element_type=\"widget\" data-settings=\"{&quot;_animation&quot;:&quot;fadeInUp&quot;,&quot;_animation_delay&quot;:200}\" data-widget_type=\"text-editor.default\">\n\t\t\t\t<div class=\"elementor-widget-container\">\n\t\t\t\t\t<div class=\"elementor-text-editor elementor-clearfix\"><p>A Labfit HPRD &#8211; Health Products Research and Development, Lda. \u00e9 uma empresa especializada na presta\u00e7\u00e3o de servi\u00e7os de excel\u00eancia ao n\u00edvel do controlo de qualidade e caracteriza\u00e7\u00e3o de produtos bem como na investiga\u00e7\u00e3o e desenvolvimento (I&amp;D) de produtos farmac\u00eauticos.<\/p><p>A Labfit \u00e9 uma empresa portuguesa, sediada no Ubimedical na Covilh\u00e3, fnuma estreita rela\u00e7\u00e3o com o conhecimento de base criado na Universidade da Beira Interior.<\/p><p>Foi criada em 2012 por duas farmac\u00eauticas investigadoras do Centro de Investiga\u00e7\u00e3o em Ci\u00eancias da Sa\u00fade (CICS-UBI). Trata-se de uma empresa promotora do conhecimento cient\u00edfico, especializada na presta\u00e7\u00e3o de servi\u00e7os de excel\u00eancia dirigidos para diferentes sectores da ind\u00fastria produtora e transformadora, nacional e internacional, ao n\u00edvel do controlo de qualidade e caracteriza\u00e7\u00e3o dos seus produtos, bem como na investiga\u00e7\u00e3o e desenvolvimento (I&amp;D) de produtos farmac\u00eauticos.<\/p><p>Da sua actividade de I&amp;D resultam produtos inovadores, patenteados, que se apresentam como uma estrat\u00e9gia disruptiva no mercado farmac\u00eautico, com vista ao alivio de sintomas ou tratamento de afec\u00e7\u00f5es t\u00f3picas.<\/p><p>A Labfit disponibiliza um interessante conjunto de ensaios laboratoriais, incluindo os testes alternativos ao uso de animais, numa clara estrat\u00e9gia de cumprimento com as directrizes actuais dos 3R\u00b4s e do cumprimento da legisla\u00e7\u00e3o em vigor para os produtos cosm\u00e9ticos.<br \/>A sua actividade \u00e9 certificada desde 2014 para a qualidade total, segundo o referencial ISO 9001 e em 2015 a Labfit viu ser certificada a sua investiga\u00e7\u00e3o, desenvolvimento e inova\u00e7\u00e3o, segundo a norma NP4457 e a sua actividade de desenvolvimento e caracteriza\u00e7\u00e3o de dispositivos m\u00e9dicos segundo a norma ISO13485.<\/p><\/div>\n\t\t\t\t<\/div>\n\t\t\t\t<\/div>\n\t\t\t\t\t\t<\/div>\n\t\t\t\t\t<\/div>\n\t\t<\/div>\n\t\t\t\t\t\t\t\t<\/div>\n\t\t\t\t\t<\/div>\n\t\t<\/section>\n\t\t\t\t\t\t<\/div>\n\t\t\t\t\t\t<\/div>\n\t\t\t\t\t<\/div>\n\t\t","protected":false},"excerpt":{"rendered":"<p>QUEM SOMOS A Labfit HPRD &#8211; Health Products Research and Development, Lda. \u00e9 uma empresa especializada na presta\u00e7\u00e3o de servi\u00e7os de excel\u00eancia ao n\u00edvel do controlo de qualidade e caracteriza\u00e7\u00e3o de produtos bem como na investiga\u00e7\u00e3o e desenvolvimento (I&amp;D) de produtos farmac\u00eauticos. A Labfit \u00e9 uma empresa portuguesa, sediada no Ubimedical na Covilh\u00e3, fnuma estreita &hellip;<\/p>\n<p class=\"read-more\"> <a class=\"\" href=\"https:\/\/inovep.pt\/plantas-aromaticas-medicinais\/index.php\/quem-somos\/\"> <span class=\"screen-reader-text\">QUEM SOMOS<\/span> Read More &raquo;<\/a><\/p>\n","protected":false},"author":1,"featured_media":0,"parent":0,"menu_order":2,"comment_status":"closed","ping_status":"closed","template":"elementor_canvas","meta":[],"_links":{"self":[{"href":"https:\/\/inovep.pt\/plantas-aromaticas-medicinais\/index.php\/wp-json\/wp\/v2\/pages\/87"}],"collection":[{"href":"https:\/\/inovep.pt\/plantas-aromaticas-medicinais\/index.php\/wp-json\/wp\/v2\/pages"}],"about":[{"href":"https:\/\/inovep.pt\/plantas-aromaticas-medicinais\/index.php\/wp-json\/wp\/v2\/types\/page"}],"author":[{"embeddable":true,"href":"https:\/\/inovep.pt\/plantas-aromaticas-medicinais\/index.php\/wp-json\/wp\/v2\/users\/1"}],"replies":[{"embeddable":true,"href":"https:\/\/inovep.pt\/plantas-aromaticas-medicinais\/index.php\/wp-json\/wp\/v2\/comments?post=87"}],"version-history":[{"count":10,"href":"https:\/\/inovep.pt\/plantas-aromaticas-medicinais\/index.php\/wp-json\/wp\/v2\/pages\/87\/revisions"}],"predecessor-version":[{"id":532,"href":"https:\/\/inovep.pt\/plantas-aromaticas-medicinais\/index.php\/wp-json\/wp\/v2\/pages\/87\/revisions\/532"}],"wp:attachment":[{"href":"https:\/\/inovep.pt\/plantas-aromaticas-medicinais\/index.php\/wp-json\/wp\/v2\/media?parent=87"}],"curies":[{"name":"wp","href":"https:\/\/api.w.org\/{rel}","templated":true}]}}