{"id":93,"date":"2019-10-03T11:44:54","date_gmt":"2019-10-03T11:44:54","guid":{"rendered":"https:\/\/inovep.pt\/plantas-aromaticas-medicinais\/?page_id=93"},"modified":"2020-02-26T17:10:25","modified_gmt":"2020-02-26T17:10:25","slug":"parceiros","status":"publish","type":"page","link":"https:\/\/inovep.pt\/plantas-aromaticas-medicinais\/index.php\/parceiros\/","title":{"rendered":"PARCEIROS"},"content":{"rendered":"\t\t<div data-elementor-type=\"wp-page\" data-elementor-id=\"93\" class=\"elementor elementor-93\" data-elementor-settings=\"[]\">\n\t\t\t\t\t\t<div class=\"elementor-inner\">\n\t\t\t\t\t\t\t<div class=\"elementor-section-wrap\">\n\t\t\t\t\t\t\t<section class=\"elementor-section elementor-top-section elementor-element elementor-element-b702d74 elementor-section-stretched elementor-section-full_width elementor-section-height-default elementor-section-height-default\" data-id=\"b702d74\" data-element_type=\"section\" data-settings=\"{&quot;stretch_section&quot;:&quot;section-stretched&quot;,&quot;background_background&quot;:&quot;classic&quot;,&quot;ekit_has_onepagescroll_dot&quot;:&quot;yes&quot;}\">\n\t\t\t\t\t\t<div class=\"elementor-container elementor-column-gap-default\">\n\t\t\t\t\t\t\t<div class=\"elementor-row\">\n\t\t\t\t\t<div class=\"elementor-column elementor-col-33 elementor-top-column elementor-element elementor-element-7fb1802 elementor-hidden-tablet elementor-hidden-phone\" data-id=\"7fb1802\" data-element_type=\"column\">\n\t\t\t<div class=\"elementor-column-wrap elementor-element-populated\">\n\t\t\t\t\t\t\t<div class=\"elementor-widget-wrap\">\n\t\t\t\t\t\t<div class=\"elementor-element elementor-element-c064d59 animated-slow elementor-invisible elementor-widget elementor-widget-image\" data-id=\"c064d59\" data-element_type=\"widget\" data-settings=\"{&quot;_animation&quot;:&quot;fadeInUp&quot;}\" data-widget_type=\"image.default\">\n\t\t\t\t<div class=\"elementor-widget-container\">\n\t\t\t\t\t<div class=\"elementor-image\">\n\t\t\t\t\t\t\t\t\t\t<img width=\"299\" height=\"979\" src=\"https:\/\/inovep.pt\/plantas-aromaticas-medicinais\/wp-content\/uploads\/2019\/10\/planta_05.png\" class=\"attachment-large size-large\" alt=\"\" loading=\"lazy\" srcset=\"https:\/\/inovep.pt\/plantas-aromaticas-medicinais\/wp-content\/uploads\/2019\/10\/planta_05.png 299w, https:\/\/inovep.pt\/plantas-aromaticas-medicinais\/wp-content\/uploads\/2019\/10\/planta_05-92x300.png 92w\" sizes=\"(max-width: 299px) 100vw, 299px\" \/>\t\t\t\t\t\t\t\t\t\t\t<\/div>\n\t\t\t\t<\/div>\n\t\t\t\t<\/div>\n\t\t\t\t\t\t<\/div>\n\t\t\t\t\t<\/div>\n\t\t<\/div>\n\t\t\t\t<div class=\"elementor-column elementor-col-66 elementor-top-column elementor-element elementor-element-57d9026\" data-id=\"57d9026\" data-element_type=\"column\">\n\t\t\t<div class=\"elementor-column-wrap elementor-element-populated\">\n\t\t\t\t\t\t\t<div class=\"elementor-widget-wrap\">\n\t\t\t\t\t\t<div class=\"elementor-element elementor-element-b7d9411 elementor-widget elementor-widget-heading\" data-id=\"b7d9411\" data-element_type=\"widget\" data-widget_type=\"heading.default\">\n\t\t\t\t<div class=\"elementor-widget-container\">\n\t\t\t<h2 class=\"elementor-heading-title elementor-size-default\">PARCEIROS<\/h2>\t\t<\/div>\n\t\t\t\t<\/div>\n\t\t\t\t<div class=\"elementor-element elementor-element-c182228 animated-slow elementor-invisible elementor-widget elementor-widget-heading\" data-id=\"c182228\" data-element_type=\"widget\" data-settings=\"{&quot;_animation&quot;:&quot;fadeInUp&quot;,&quot;_animation_delay&quot;:200}\" data-widget_type=\"heading.default\">\n\t\t\t\t<div class=\"elementor-widget-container\">\n\t\t\t<h3 class=\"elementor-heading-title elementor-size-default\">UNIVERSIDADE DA BEIRA INTERIOR<\/h3>\t\t<\/div>\n\t\t\t\t<\/div>\n\t\t\t\t<div class=\"elementor-element elementor-element-a69b63f animated-slow elementor-invisible elementor-widget elementor-widget-heading\" data-id=\"a69b63f\" data-element_type=\"widget\" data-settings=\"{&quot;_animation&quot;:&quot;fadeInUp&quot;,&quot;_animation_delay&quot;:200}\" data-widget_type=\"heading.default\">\n\t\t\t\t<div class=\"elementor-widget-container\">\n\t\t\t<h4 class=\"elementor-heading-title elementor-size-default\">CICS - UBI<\/h4>\t\t<\/div>\n\t\t\t\t<\/div>\n\t\t\t\t<div class=\"elementor-element elementor-element-7a795b9 animated-slow elementor-invisible elementor-widget elementor-widget-text-editor\" data-id=\"7a795b9\" data-element_type=\"widget\" data-settings=\"{&quot;_animation&quot;:&quot;fadeInUp&quot;,&quot;_animation_delay&quot;:200}\" data-widget_type=\"text-editor.default\">\n\t\t\t\t<div class=\"elementor-widget-container\">\n\t\t\t\t\t<div class=\"elementor-text-editor elementor-clearfix\"><p>O Centro de Pesquisa em Ci\u00eancias da Sa\u00fade (CICS-UBI) \u00e9 uma unidade multidisciplinar de I&amp;D em ci\u00eancias da sa\u00fade, hospedada na Faculdade de Ci\u00eancias da Sa\u00fade da Universidade da Beira Interior (FCS \/ UBI).<\/p><p>A miss\u00e3o do CICS-UBI \u00e9 realizar pesquisa biom\u00e9dica b\u00e1sica, aplicada e translacional de alta qualidade, oferecer oportunidades avan\u00e7adas de treino e carreiras cient\u00edficas, promover a educa\u00e7\u00e3o da comunidade e transferir conhecimento para a ind\u00fastria e a sociedade biom\u00e9dica.<\/p><p>O CICS-UBI \u00e9 apoiado pela Funda\u00e7\u00e3o para a Ci\u00eancia e a Tecnologia (FCT), Portugal.<\/p><\/div>\n\t\t\t\t<\/div>\n\t\t\t\t<\/div>\n\t\t\t\t<div class=\"elementor-element elementor-element-ae1d5b4 elementor-view-stacked animated-slow elementor-shape-circle elementor-invisible elementor-widget elementor-widget-icon\" data-id=\"ae1d5b4\" data-element_type=\"widget\" data-settings=\"{&quot;_animation&quot;:&quot;fadeInUp&quot;,&quot;_animation_delay&quot;:200}\" data-widget_type=\"icon.default\">\n\t\t\t\t<div class=\"elementor-widget-container\">\n\t\t\t\t\t<div class=\"elementor-icon-wrapper\">\n\t\t\t<a class=\"elementor-icon\" href=\"https:\/\/www.ubi.pt\/Sites\/CICS\/en\/\" target=\"_blank\">\n\t\t\t<i aria-hidden=\"true\" class=\"fas fa-tv\"><\/i>\t\t\t<\/a>\n\t\t<\/div>\n\t\t\t\t<\/div>\n\t\t\t\t<\/div>\n\t\t\t\t<div class=\"elementor-element elementor-element-27672a7 elementor-widget elementor-widget-spacer\" data-id=\"27672a7\" data-element_type=\"widget\" data-widget_type=\"spacer.default\">\n\t\t\t\t<div class=\"elementor-widget-container\">\n\t\t\t\t\t<div class=\"elementor-spacer\">\n\t\t\t<div class=\"elementor-spacer-inner\"><\/div>\n\t\t<\/div>\n\t\t\t\t<\/div>\n\t\t\t\t<\/div>\n\t\t\t\t<div class=\"elementor-element elementor-element-1b19bd7 animated-slow elementor-invisible elementor-widget elementor-widget-heading\" data-id=\"1b19bd7\" data-element_type=\"widget\" data-settings=\"{&quot;_animation&quot;:&quot;fadeInUp&quot;,&quot;_animation_delay&quot;:200}\" data-widget_type=\"heading.default\">\n\t\t\t\t<div class=\"elementor-widget-container\">\n\t\t\t<h3 class=\"elementor-heading-title elementor-size-default\">INSTITUTO POLIT\u00c9CNICO DE CASTELO BRANCO<\/h3>\t\t<\/div>\n\t\t\t\t<\/div>\n\t\t\t\t<div class=\"elementor-element elementor-element-413425a animated-slow elementor-invisible elementor-widget elementor-widget-heading\" data-id=\"413425a\" data-element_type=\"widget\" data-settings=\"{&quot;_animation&quot;:&quot;fadeInUp&quot;,&quot;_animation_delay&quot;:200}\" data-widget_type=\"heading.default\">\n\t\t\t\t<div class=\"elementor-widget-container\">\n\t\t\t<h4 class=\"elementor-heading-title elementor-size-default\">ESCOLA SUPERIOR AGR\u00c1RIA<\/h4>\t\t<\/div>\n\t\t\t\t<\/div>\n\t\t\t\t<div class=\"elementor-element elementor-element-f91a2bd animated-slow elementor-invisible elementor-widget elementor-widget-text-editor\" data-id=\"f91a2bd\" data-element_type=\"widget\" data-settings=\"{&quot;_animation&quot;:&quot;fadeInUp&quot;,&quot;_animation_delay&quot;:200}\" data-widget_type=\"text-editor.default\">\n\t\t\t\t<div class=\"elementor-widget-container\">\n\t\t\t\t\t<div class=\"elementor-text-editor elementor-clearfix\"><p>O refor\u00e7o da liga\u00e7\u00e3o ao tecido empresarial da regi\u00e3o constitui um dos principais desafios que se colocam ao IPCB.<\/p><p>O IPCB possui capacidade instalada de I&amp;D para colaborar com os parceiros empresariais e institucionais num vasto leque de dom\u00ednios, j\u00e1 que disp\u00f5em de recursos humanos devidamente qualificados e com compet\u00eancias para presta\u00e7\u00e3o de servi\u00e7os especializados e o desenvolvimento de investiga\u00e7\u00e3o e transfer\u00eancia de tecnologia.<\/p><p>As oportunidades de financiamento de projetos enquadrados pelo novo per\u00edodo de programa\u00e7\u00e3o Europa 2020 e Portugal 2020 constituem um desafio para todos os atores regionais e o IPCB pretende afirmar-se crescentemente como um p\u00f3lo de refer\u00eancia e um parceiro estrat\u00e9gico a n\u00edvel regional na constru\u00e7\u00e3o de projetos que reforcem a competitividade e a sustentabilidade empresarial, institucional e territorial.<\/p><p>O IPCB mant\u00e9m uma forte liga\u00e7\u00e3o \u00e0 comunidade atrav\u00e9s de protocolos com empresas e institui\u00e7\u00f5es, na sua maioria da regi\u00e3o, nos dom\u00ednios da investiga\u00e7\u00e3o aplicada, do desenvolvimento experimental, da presta\u00e7\u00e3o de servi\u00e7os especializados e dos projetos e est\u00e1gios de alunos e diplomados.<\/p><\/div>\n\t\t\t\t<\/div>\n\t\t\t\t<\/div>\n\t\t\t\t<div class=\"elementor-element elementor-element-0871a1d elementor-view-stacked animated-slow elementor-shape-circle elementor-invisible elementor-widget elementor-widget-icon\" data-id=\"0871a1d\" data-element_type=\"widget\" data-settings=\"{&quot;_animation&quot;:&quot;fadeInUp&quot;,&quot;_animation_delay&quot;:200}\" data-widget_type=\"icon.default\">\n\t\t\t\t<div class=\"elementor-widget-container\">\n\t\t\t\t\t<div class=\"elementor-icon-wrapper\">\n\t\t\t<a class=\"elementor-icon\" href=\"https:\/\/www.ipcb.pt\/esacb\/escola-superior-agraria\" target=\"_blank\">\n\t\t\t<i aria-hidden=\"true\" class=\"fas fa-tv\"><\/i>\t\t\t<\/a>\n\t\t<\/div>\n\t\t\t\t<\/div>\n\t\t\t\t<\/div>\n\t\t\t\t\t\t<\/div>\n\t\t\t\t\t<\/div>\n\t\t<\/div>\n\t\t\t\t\t\t\t\t<\/div>\n\t\t\t\t\t<\/div>\n\t\t<\/section>\n\t\t\t\t\t\t<\/div>\n\t\t\t\t\t\t<\/div>\n\t\t\t\t\t<\/div>\n\t\t","protected":false},"excerpt":{"rendered":"<p>PARCEIROS UNIVERSIDADE DA BEIRA INTERIOR CICS &#8211; UBI O Centro de Pesquisa em Ci\u00eancias da Sa\u00fade (CICS-UBI) \u00e9 uma unidade multidisciplinar de I&amp;D em ci\u00eancias da sa\u00fade, hospedada na Faculdade de Ci\u00eancias da Sa\u00fade da Universidade da Beira Interior (FCS \/ UBI). A miss\u00e3o do CICS-UBI \u00e9 realizar pesquisa biom\u00e9dica b\u00e1sica, aplicada e translacional de &hellip;<\/p>\n<p class=\"read-more\"> <a class=\"\" href=\"https:\/\/inovep.pt\/plantas-aromaticas-medicinais\/index.php\/parceiros\/\"> <span class=\"screen-reader-text\">PARCEIROS<\/span> Read More &raquo;<\/a><\/p>\n","protected":false},"author":1,"featured_media":0,"parent":0,"menu_order":10,"comment_status":"closed","ping_status":"closed","template":"elementor_canvas","meta":[],"_links":{"self":[{"href":"https:\/\/inovep.pt\/plantas-aromaticas-medicinais\/index.php\/wp-json\/wp\/v2\/pages\/93"}],"collection":[{"href":"https:\/\/inovep.pt\/plantas-aromaticas-medicinais\/index.php\/wp-json\/wp\/v2\/pages"}],"about":[{"href":"https:\/\/inovep.pt\/plantas-aromaticas-medicinais\/index.php\/wp-json\/wp\/v2\/types\/page"}],"author":[{"embeddable":true,"href":"https:\/\/inovep.pt\/plantas-aromaticas-medicinais\/index.php\/wp-json\/wp\/v2\/users\/1"}],"replies":[{"embeddable":true,"href":"https:\/\/inovep.pt\/plantas-aromaticas-medicinais\/index.php\/wp-json\/wp\/v2\/comments?post=93"}],"version-history":[{"count":23,"href":"https:\/\/inovep.pt\/plantas-aromaticas-medicinais\/index.php\/wp-json\/wp\/v2\/pages\/93\/revisions"}],"predecessor-version":[{"id":630,"href":"https:\/\/inovep.pt\/plantas-aromaticas-medicinais\/index.php\/wp-json\/wp\/v2\/pages\/93\/revisions\/630"}],"wp:attachment":[{"href":"https:\/\/inovep.pt\/plantas-aromaticas-medicinais\/index.php\/wp-json\/wp\/v2\/media?parent=93"}],"curies":[{"name":"wp","href":"https:\/\/api.w.org\/{rel}","templated":true}]}}